{"id":343,"date":"2020-05-20T12:26:34","date_gmt":"2020-05-20T10:26:34","guid":{"rendered":"https:\/\/www.sonnenseite.com\/?page_id=343"},"modified":"2021-06-01T13:25:35","modified_gmt":"2021-06-01T11:25:35","slug":"impressum","status":"publish","type":"page","link":"https:\/\/www.sonnenseite.com\/de\/impressum\/","title":{"rendered":"Impressum"},"content":{"rendered":"\n<p><strong>Franz und Bigi Alt<\/strong><br>Telefon: +49. (0)7221. 315 40<br>Handy: +49. (0)160. 91 33 99 63<br>USt-IdNr. DE143470098<\/p>\n\n\n\n<p>Email: <a href=\"mailto:franzalt@sonnenseite.com\">franzalt[at]sonnenseite.com<\/a><br>Email: <a href=\"mailto:bigialt@sonnenseite.com\">bigialt[at]sonnenseite.com<br><\/a><\/p>\n\n\n\n<div style=\"height:30px\" aria-hidden=\"true\" class=\"wp-block-spacer\"><\/div>\n\n\n\n<p><strong>Redaktion<br><\/strong><a rel=\"noreferrer noopener\" href=\"mailto:bigialt@sonnenseite.com\" target=\"_blank\">Bigi Alt<\/a>&nbsp;<\/p>\n\n\n\n<p><strong><br>Konzept &amp; Design<br><\/strong><a href=\"http:\/\/www.chrisalt.com\/\" target=\"_blank\" rel=\"noreferrer noopener\">Chris Alt<\/a><\/p>\n\n\n\n<p><br><strong>Technische Umsetzung<\/strong><br><a href=\"http:\/\/sk-webkonzept.de\" target=\"_blank\" rel=\"noreferrer noopener\">Susanne Bade<\/a><\/p>\n\n\n\n<p><strong><br>Bildbearbeitung + redaktionelle Mitarbeit<\/strong><br><a rel=\"noreferrer noopener\" href=\"http:\/\/www.chrisalt.com\/\" target=\"_blank\">Chris Alt<\/a><br><a href=\"http:\/\/carenalt.de\" target=\"_blank\" rel=\"noreferrer noopener\">Caren Alt<\/a><br><a rel=\"noreferrer noopener\" href=\"http:\/\/www.varrasch.de\/\" target=\"_blank\">Astrid Varrasquinho<\/a><\/p>\n\n\n\n<p><strong><br>Bildmaterial<\/strong><br><a rel=\"noreferrer noopener\" href=\"http:\/\/www.aboutpixel.de\/\" target=\"_blank\">aboutpixel.de<\/a><a rel=\"noreferrer noopener\" href=\"http:\/\/www.bigstockphoto.com\/\" target=\"_blank\"><br>bigstockphoto<br><\/a><a rel=\"noreferrer noopener\" href=\"http:\/\/www.depositphotos.com\" target=\"_blank\">depositphotos<\/a><br><a rel=\"noreferrer noopener\" href=\"http:\/\/www.fotolia.com\/\" target=\"_blank\">fotolia<\/a><br><a rel=\"noreferrer noopener\" href=\"https:\/\/www.istockphoto.com\/\" target=\"_blank\">iStockphoto<\/a><br><a rel=\"noreferrer noopener\" href=\"http:\/\/www.photocase.com\/\" target=\"_blank\">photocase<\/a><br><a rel=\"noreferrer noopener\" href=\"http:\/\/pixabay.com\/\" target=\"_blank\">pixabay<\/a><br><a rel=\"noreferrer noopener\" href=\"http:\/\/www.pixelio.de\/\" target=\"_blank\">pixelio.de<\/a><\/p>\n\n\n\n<p><strong><br>Content-Lieferant<br><\/strong><a href=\"http:\/\/www.klimaretter.info\/\" target=\"_blank\" rel=\"noreferrer noopener\">KLIMARETTER.INFO<br><\/a><a href=\"http:\/\/www.pressetext.at\" target=\"_blank\" rel=\"noreferrer noopener\">pressetext Nachrichtenagentur GmbH<br><\/a><a href=\"http:\/\/www.pv-magazine.de\/\" target=\"_blank\" rel=\"noreferrer noopener\">pv magazine<\/a><\/p>\n\n\n\n<div style=\"height:30px\" aria-hidden=\"true\" class=\"wp-block-spacer\"><\/div>\n\n\n\n<p><strong>Allgemeine Nutzungsbedingungen der Webseite:<\/strong><\/p>\n\n\n\n<p>1.&nbsp;Die Webseite www.sonnenseite.com und ihr Inhalt dienen lediglich der allgemeinen Information und stellen keine Beratung dar.<\/p>\n\n\n\n<p>2. Bigi und Dr. Franz Alt (nachfolgend nur \u201eSONNENSEITE\u201c genannt) haften f\u00fcr eigene Inhalte auf der Webseite gem. \u00a7 7 Abs. 1 TMG. Alle nicht namentlich gekennzeichneten Inhalte sind Beitr\u00e4ge der Redaktion. Die darin enthaltenen Informationen wurden nach bestem Wissen ausgesucht und erstellt, es wird jedoch keine Gew\u00e4hr f\u00fcr deren Vollst\u00e4ndigkeit und Richtigkeit \u00fcbernommen.&nbsp;<\/p>\n\n\n\n<p>3. SONNENSEITE stellt zudem fremde Inhalte zur Verf\u00fcgung, die jedoch als solche gekennzeichnet sind. F\u00fcr den Inhalt sind ausschlie\u00dflich die jeweiligen Autoren verantwortlich. Bei Bekanntwerden von Rechtsverletzungen wird SONNENSEITE diese Inhalte jedoch umgehend entfernen.<\/p>\n\n\n\n<p>4. F\u00fcr den Inhalt auf extern verlinkten Seiten und dort enthaltene Informationen wird ebenfalls keine Haftung \u00fcbernommen. Durch das Setzen von externen Links macht sich SONNENSEITE die hinter dem Verweis oder Link liegenden Inhalte nicht zu Eigen und distanziert sich ausdr\u00fccklich von diesen. F\u00fcr den Inhalt sind ausschlie\u00dflich die Betreiber der entsprechenden Webseite verantwortlich. Die verlinkten Seiten wurden zum Zeitpunkt der Verlinkung auf m\u00f6gliche Rechtsverst\u00f6\u00dfe hin \u00fcberpr\u00fcft. Rechtswidrige Inhalte waren zum Zeitpunkt der Verlinkung nicht erkennbar. Eine st\u00e4ndige \u00dcberwachung der verlinkten Seiten ist nicht m\u00f6glich. Bei Bekanntwerden von Rechtsverletzungen werden die entsprechenden Links jedoch umgehend entfernt.<\/p>\n\n\n\n<p>5. SONNENSEITE beh\u00e4lt es sich ausdr\u00fccklich vor, Teile der Seiten oder das gesamte Angebot ohne gesonderte Ank\u00fcndigung zu ver\u00e4ndern, zu erg\u00e4nzen, zu l\u00f6schen oder die Ver\u00f6ffentlichung zeitweise oder endg\u00fcltig einzustellen.<\/p>\n\n\n\n<p>6. Alle auf dieser Webseite ver\u00f6ffentlichten Grafiken, Bilder und Texte sind urheberrechtlich gesch\u00fctzt. Die Nutzung, insbesondere die Vervielf\u00e4ltigung, Bearbeitung oder Verwendung dieser Werke in anderen elektronischen oder gedruckten Publikationen ist ohne ausdr\u00fcckliche Zustimmung von SONNENSEITE oder des jeweiligen Urhebers nicht gestattet. Fotokopien und Downloads von der Webseite d\u00fcrfen nur f\u00fcr den pers\u00f6nlichen, privaten und nicht kommerziellen Gebrauch hergestellt werden.<\/p>\n<div class=\"shariff shariff-align-flex-start shariff-widget-align-flex-start\"><div class=\"ShariffHeadline\">Diese Meldung teilen<\/div><ul class=\"shariff-buttons theme-round orientation-horizontal buttonsize-medium\"><li class=\"shariff-button facebook shariff-nocustomcolor\" style=\"background-color:#4273c8;border-radius:1%\"><a href=\"https:\/\/www.facebook.com\/sharer\/sharer.php?u=https%3A%2F%2Fwww.sonnenseite.com%2Fde%2Fimpressum%2F\" title=\"Bei Facebook teilen\" aria-label=\"Bei Facebook teilen\" role=\"button\" rel=\"nofollow\" class=\"shariff-link\" style=\";border-radius:1%; background-color:#3b5998; color:#fff\" target=\"_blank\"><span class=\"shariff-icon\" style=\"\"><svg width=\"32px\" height=\"20px\" xmlns=\"http:\/\/www.w3.org\/2000\/svg\" viewBox=\"0 0 18 32\"><path fill=\"#3b5998\" d=\"M17.1 0.2v4.7h-2.8q-1.5 0-2.1 0.6t-0.5 1.9v3.4h5.2l-0.7 5.3h-4.5v13.6h-5.5v-13.6h-4.5v-5.3h4.5v-3.9q0-3.3 1.9-5.2t5-1.8q2.6 0 4.1 0.2z\"\/><\/svg><\/span><\/a><\/li><li class=\"shariff-button twitter shariff-nocustomcolor\" style=\"background-color:#595959;border-radius:1%\"><a href=\"https:\/\/twitter.com\/share?url=https%3A%2F%2Fwww.sonnenseite.com%2Fde%2Fimpressum%2F&text=Impressum\" title=\"Bei X teilen\" aria-label=\"Bei X teilen\" role=\"button\" rel=\"noopener nofollow\" class=\"shariff-link\" style=\";border-radius:1%; background-color:#000; color:#fff\" target=\"_blank\"><span class=\"shariff-icon\" style=\"\"><svg width=\"32px\" height=\"20px\" xmlns=\"http:\/\/www.w3.org\/2000\/svg\" viewBox=\"0 0 24 24\"><path fill=\"#000\" d=\"M14.258 10.152L23.176 0h-2.113l-7.747 8.813L7.133 0H0l9.352 13.328L0 23.973h2.113l8.176-9.309 6.531 9.309h7.133zm-2.895 3.293l-.949-1.328L2.875 1.56h3.246l6.086 8.523.945 1.328 7.91 11.078h-3.246zm0 0\"\/><\/svg><\/span><\/a><\/li><li class=\"shariff-button xing shariff-nocustomcolor\" style=\"background-color:#29888a;border-radius:1%\"><a href=\"https:\/\/www.xing.com\/spi\/shares\/new?url=https%3A%2F%2Fwww.sonnenseite.com%2Fde%2Fimpressum%2F\" title=\"Bei XING teilen\" aria-label=\"Bei XING teilen\" role=\"button\" rel=\"noopener nofollow\" class=\"shariff-link\" style=\";border-radius:1%; background-color:#126567; color:#fff\" target=\"_blank\"><span class=\"shariff-icon\" style=\"\"><svg width=\"32px\" height=\"20px\" xmlns=\"http:\/\/www.w3.org\/2000\/svg\" viewBox=\"0 0 25 32\"><path fill=\"#126567\" d=\"M10.7 11.9q-0.2 0.3-4.6 8.2-0.5 0.8-1.2 0.8h-4.3q-0.4 0-0.5-0.3t0-0.6l4.5-8q0 0 0 0l-2.9-5q-0.2-0.4 0-0.7 0.2-0.3 0.5-0.3h4.3q0.7 0 1.2 0.8zM25.1 0.4q0.2 0.3 0 0.7l-9.4 16.7 6 11q0.2 0.4 0 0.6-0.2 0.3-0.6 0.3h-4.3q-0.7 0-1.2-0.8l-6-11.1q0.3-0.6 9.5-16.8 0.4-0.8 1.2-0.8h4.3q0.4 0 0.5 0.3z\"\/><\/svg><\/span><\/a><\/li><li class=\"shariff-button linkedin shariff-nocustomcolor\" style=\"background-color:#1488bf;border-radius:1%\"><a href=\"https:\/\/www.linkedin.com\/sharing\/share-offsite\/?url=https%3A%2F%2Fwww.sonnenseite.com%2Fde%2Fimpressum%2F\" title=\"Bei LinkedIn teilen\" aria-label=\"Bei LinkedIn teilen\" role=\"button\" rel=\"noopener nofollow\" class=\"shariff-link\" style=\";border-radius:1%; background-color:#0077b5; color:#fff\" target=\"_blank\"><span class=\"shariff-icon\" style=\"\"><svg width=\"32px\" height=\"20px\" xmlns=\"http:\/\/www.w3.org\/2000\/svg\" viewBox=\"0 0 27 32\"><path fill=\"#0077b5\" d=\"M6.2 11.2v17.7h-5.9v-17.7h5.9zM6.6 5.7q0 1.3-0.9 2.2t-2.4 0.9h0q-1.5 0-2.4-0.9t-0.9-2.2 0.9-2.2 2.4-0.9 2.4 0.9 0.9 2.2zM27.4 18.7v10.1h-5.9v-9.5q0-1.9-0.7-2.9t-2.3-1.1q-1.1 0-1.9 0.6t-1.2 1.5q-0.2 0.5-0.2 1.4v9.9h-5.9q0-7.1 0-11.6t0-5.3l0-0.9h5.9v2.6h0q0.4-0.6 0.7-1t1-0.9 1.6-0.8 2-0.3q3 0 4.9 2t1.9 6z\"\/><\/svg><\/span><\/a><\/li><li class=\"shariff-button printer shariff-nocustomcolor\" style=\"background-color:#a8a8a8;border-radius:1%\"><a href=\"javascript:window.print()\" title=\"drucken\" aria-label=\"drucken\" role=\"button\" rel=\"noopener nofollow\" class=\"shariff-link\" style=\";border-radius:1%; background-color:#999; color:#fff\"><span class=\"shariff-icon\" style=\"\"><svg width=\"32px\" height=\"20px\" xmlns=\"http:\/\/www.w3.org\/2000\/svg\" viewBox=\"0 0 30 32\"><path fill=\"#999\" d=\"M6.8 27.4h16v-4.6h-16v4.6zM6.8 16h16v-6.8h-2.8q-0.7 0-1.2-0.5t-0.5-1.2v-2.8h-11.4v11.4zM27.4 17.2q0-0.5-0.3-0.8t-0.8-0.4-0.8 0.4-0.3 0.8 0.3 0.8 0.8 0.3 0.8-0.3 0.3-0.8zM29.7 17.2v7.4q0 0.2-0.2 0.4t-0.4 0.2h-4v2.8q0 0.7-0.5 1.2t-1.2 0.5h-17.2q-0.7 0-1.2-0.5t-0.5-1.2v-2.8h-4q-0.2 0-0.4-0.2t-0.2-0.4v-7.4q0-1.4 1-2.4t2.4-1h1.2v-9.7q0-0.7 0.5-1.2t1.2-0.5h12q0.7 0 1.6 0.4t1.3 0.8l2.7 2.7q0.5 0.5 0.9 1.4t0.4 1.6v4.6h1.1q1.4 0 2.4 1t1 2.4z\"\/><\/svg><\/span><\/a><\/li><li class=\"shariff-button mailto shariff-nocustomcolor\" style=\"background-color:#a8a8a8;border-radius:1%\"><a href=\"mailto:?body=https%3A%2F%2Fwww.sonnenseite.com%2Fde%2Fimpressum%2F&subject=Impressum\" title=\"Per E-Mail versenden\" aria-label=\"Per E-Mail versenden\" role=\"button\" rel=\"noopener nofollow\" class=\"shariff-link\" style=\";border-radius:1%; background-color:#999; color:#fff\"><span class=\"shariff-icon\" style=\"\"><svg width=\"32px\" height=\"20px\" xmlns=\"http:\/\/www.w3.org\/2000\/svg\" viewBox=\"0 0 32 32\"><path fill=\"#999\" d=\"M32 12.7v14.2q0 1.2-0.8 2t-2 0.9h-26.3q-1.2 0-2-0.9t-0.8-2v-14.2q0.8 0.9 1.8 1.6 6.5 4.4 8.9 6.1 1 0.8 1.6 1.2t1.7 0.9 2 0.4h0.1q0.9 0 2-0.4t1.7-0.9 1.6-1.2q3-2.2 8.9-6.1 1-0.7 1.8-1.6zM32 7.4q0 1.4-0.9 2.7t-2.2 2.2q-6.7 4.7-8.4 5.8-0.2 0.1-0.7 0.5t-1 0.7-0.9 0.6-1.1 0.5-0.9 0.2h-0.1q-0.4 0-0.9-0.2t-1.1-0.5-0.9-0.6-1-0.7-0.7-0.5q-1.6-1.1-4.7-3.2t-3.6-2.6q-1.1-0.7-2.1-2t-1-2.5q0-1.4 0.7-2.3t2.1-0.9h26.3q1.2 0 2 0.8t0.9 2z\"\/><\/svg><\/span><\/a><\/li><\/ul><\/div>","protected":false},"excerpt":{"rendered":"<p>Franz und Bigi AltTelefon: +49. (0)7221. 315 40Handy: +49. (0)160. 91 33 99 63USt-IdNr. DE143470098 Email: [&hellip;]<\/p>\n","protected":false},"author":1,"featured_media":0,"parent":0,"menu_order":0,"comment_status":"closed","ping_status":"closed","template":"","meta":{"inline_featured_image":false,"footnotes":""},"class_list":["post-343","page","type-page","status-publish","hentry"],"yoast_head":"<!-- This site is optimized with the Yoast SEO plugin v26.5 - https:\/\/yoast.com\/wordpress\/plugins\/seo\/ -->\n<title>Impressum - Sonnenseite - \u00d6kologische Kommunikation mit Franz Alt<\/title>\n<meta name=\"description\" content=\"Franz und Bigi AltTelefon: +49. (0)7221. 315 40Handy: +49. (0)160. 91 33 99 63USt-IdNr. DE143470098 Email: franzaltsonnenseite.comEmail:\" \/>\n<meta name=\"robots\" content=\"index, follow, max-snippet:-1, max-image-preview:large, max-video-preview:-1\" \/>\n<link rel=\"canonical\" href=\"https:\/\/www.sonnenseite.com\/de\/impressum\/\" \/>\n<meta property=\"og:locale\" content=\"de_DE\" \/>\n<meta property=\"og:type\" content=\"article\" \/>\n<meta property=\"og:title\" content=\"Impressum - Sonnenseite - \u00d6kologische Kommunikation mit Franz Alt\" \/>\n<meta property=\"og:description\" content=\"Franz und Bigi AltTelefon: +49. (0)7221. 315 40Handy: +49. (0)160. 91 33 99 63USt-IdNr. DE143470098 Email: franzaltsonnenseite.comEmail:\" \/>\n<meta property=\"og:url\" content=\"https:\/\/www.sonnenseite.com\/de\/impressum\/\" \/>\n<meta property=\"og:site_name\" content=\"Sonnenseite\" \/>\n<meta property=\"article:publisher\" content=\"https:\/\/www.facebook.com\/pages\/Franz-Alt-SONNENSEITECOM\/221072987903953?fref=ts\" \/>\n<meta property=\"article:modified_time\" content=\"2021-06-01T11:25:35+00:00\" \/>\n<meta name=\"twitter:card\" content=\"summary_large_image\" \/>\n<meta name=\"twitter:site\" content=\"@franzalt\" \/>\n<meta name=\"twitter:label1\" content=\"Gesch\u00e4tzte Lesezeit\" \/>\n\t<meta name=\"twitter:data1\" content=\"2\u00a0Minuten\" \/>\n<script type=\"application\/ld+json\" class=\"yoast-schema-graph\">{\"@context\":\"https:\/\/schema.org\",\"@graph\":[{\"@type\":\"WebPage\",\"@id\":\"https:\/\/www.sonnenseite.com\/de\/impressum\/\",\"url\":\"https:\/\/www.sonnenseite.com\/de\/impressum\/\",\"name\":\"Impressum - Sonnenseite - \u00d6kologische Kommunikation mit Franz Alt\",\"isPartOf\":{\"@id\":\"https:\/\/www.sonnenseite.com\/de\/#website\"},\"datePublished\":\"2020-05-20T10:26:34+00:00\",\"dateModified\":\"2021-06-01T11:25:35+00:00\",\"description\":\"Franz und Bigi AltTelefon: +49. (0)7221. 315 40Handy: +49. (0)160. 91 33 99 63USt-IdNr. DE143470098 Email: franzaltsonnenseite.comEmail:\",\"breadcrumb\":{\"@id\":\"https:\/\/www.sonnenseite.com\/de\/impressum\/#breadcrumb\"},\"inLanguage\":\"de\",\"potentialAction\":[{\"@type\":\"ReadAction\",\"target\":[\"https:\/\/www.sonnenseite.com\/de\/impressum\/\"]}]},{\"@type\":\"BreadcrumbList\",\"@id\":\"https:\/\/www.sonnenseite.com\/de\/impressum\/#breadcrumb\",\"itemListElement\":[{\"@type\":\"ListItem\",\"position\":1,\"name\":\"Startseite\",\"item\":\"https:\/\/www.sonnenseite.com\/de\/\"},{\"@type\":\"ListItem\",\"position\":2,\"name\":\"Impressum\"}]},{\"@type\":\"WebSite\",\"@id\":\"https:\/\/www.sonnenseite.com\/de\/#website\",\"url\":\"https:\/\/www.sonnenseite.com\/de\/\",\"name\":\"Sonnenseite\",\"description\":\"\u00d6kologische Kommunikation mit Franz Alt\",\"publisher\":{\"@id\":\"https:\/\/www.sonnenseite.com\/de\/#organization\"},\"potentialAction\":[{\"@type\":\"SearchAction\",\"target\":{\"@type\":\"EntryPoint\",\"urlTemplate\":\"https:\/\/www.sonnenseite.com\/de\/?s={search_term_string}\"},\"query-input\":{\"@type\":\"PropertyValueSpecification\",\"valueRequired\":true,\"valueName\":\"search_term_string\"}}],\"inLanguage\":\"de\"},{\"@type\":\"Organization\",\"@id\":\"https:\/\/www.sonnenseite.com\/de\/#organization\",\"name\":\"Sonnenseite\",\"url\":\"https:\/\/www.sonnenseite.com\/de\/\",\"logo\":{\"@type\":\"ImageObject\",\"inLanguage\":\"de\",\"@id\":\"https:\/\/www.sonnenseite.com\/de\/#\/schema\/logo\/image\/\",\"url\":\"https:\/\/www.sonnenseite.com\/wp-content\/uploads\/2020\/05\/Sonnenseite_Logo.png\",\"contentUrl\":\"https:\/\/www.sonnenseite.com\/wp-content\/uploads\/2020\/05\/Sonnenseite_Logo.png\",\"width\":377,\"height\":90,\"caption\":\"Sonnenseite\"},\"image\":{\"@id\":\"https:\/\/www.sonnenseite.com\/de\/#\/schema\/logo\/image\/\"},\"sameAs\":[\"https:\/\/www.facebook.com\/pages\/Franz-Alt-SONNENSEITECOM\/221072987903953?fref=ts\",\"https:\/\/x.com\/franzalt\",\"http:\/\/www.youtube.com\/results?search_query&amp;amp;quot;franz_alt&amp;amp;quot;&amp;amp;amp;amp;search_type&amp;amp;amp;amp;aq=f\"]}]}<\/script>\n<!-- \/ Yoast SEO plugin. -->","yoast_head_json":{"title":"Impressum - Sonnenseite - \u00d6kologische Kommunikation mit Franz Alt","description":"Franz und Bigi AltTelefon: +49. (0)7221. 315 40Handy: +49. (0)160. 91 33 99 63USt-IdNr. DE143470098 Email: franzaltsonnenseite.comEmail:","robots":{"index":"index","follow":"follow","max-snippet":"max-snippet:-1","max-image-preview":"max-image-preview:large","max-video-preview":"max-video-preview:-1"},"canonical":"https:\/\/www.sonnenseite.com\/de\/impressum\/","og_locale":"de_DE","og_type":"article","og_title":"Impressum - Sonnenseite - \u00d6kologische Kommunikation mit Franz Alt","og_description":"Franz und Bigi AltTelefon: +49. (0)7221. 315 40Handy: +49. (0)160. 91 33 99 63USt-IdNr. DE143470098 Email: franzaltsonnenseite.comEmail:","og_url":"https:\/\/www.sonnenseite.com\/de\/impressum\/","og_site_name":"Sonnenseite","article_publisher":"https:\/\/www.facebook.com\/pages\/Franz-Alt-SONNENSEITECOM\/221072987903953?fref=ts","article_modified_time":"2021-06-01T11:25:35+00:00","twitter_card":"summary_large_image","twitter_site":"@franzalt","twitter_misc":{"Gesch\u00e4tzte Lesezeit":"2\u00a0Minuten"},"schema":{"@context":"https:\/\/schema.org","@graph":[{"@type":"WebPage","@id":"https:\/\/www.sonnenseite.com\/de\/impressum\/","url":"https:\/\/www.sonnenseite.com\/de\/impressum\/","name":"Impressum - Sonnenseite - \u00d6kologische Kommunikation mit Franz Alt","isPartOf":{"@id":"https:\/\/www.sonnenseite.com\/de\/#website"},"datePublished":"2020-05-20T10:26:34+00:00","dateModified":"2021-06-01T11:25:35+00:00","description":"Franz und Bigi AltTelefon: +49. (0)7221. 315 40Handy: +49. (0)160. 91 33 99 63USt-IdNr. DE143470098 Email: franzaltsonnenseite.comEmail:","breadcrumb":{"@id":"https:\/\/www.sonnenseite.com\/de\/impressum\/#breadcrumb"},"inLanguage":"de","potentialAction":[{"@type":"ReadAction","target":["https:\/\/www.sonnenseite.com\/de\/impressum\/"]}]},{"@type":"BreadcrumbList","@id":"https:\/\/www.sonnenseite.com\/de\/impressum\/#breadcrumb","itemListElement":[{"@type":"ListItem","position":1,"name":"Startseite","item":"https:\/\/www.sonnenseite.com\/de\/"},{"@type":"ListItem","position":2,"name":"Impressum"}]},{"@type":"WebSite","@id":"https:\/\/www.sonnenseite.com\/de\/#website","url":"https:\/\/www.sonnenseite.com\/de\/","name":"Sonnenseite","description":"\u00d6kologische Kommunikation mit Franz Alt","publisher":{"@id":"https:\/\/www.sonnenseite.com\/de\/#organization"},"potentialAction":[{"@type":"SearchAction","target":{"@type":"EntryPoint","urlTemplate":"https:\/\/www.sonnenseite.com\/de\/?s={search_term_string}"},"query-input":{"@type":"PropertyValueSpecification","valueRequired":true,"valueName":"search_term_string"}}],"inLanguage":"de"},{"@type":"Organization","@id":"https:\/\/www.sonnenseite.com\/de\/#organization","name":"Sonnenseite","url":"https:\/\/www.sonnenseite.com\/de\/","logo":{"@type":"ImageObject","inLanguage":"de","@id":"https:\/\/www.sonnenseite.com\/de\/#\/schema\/logo\/image\/","url":"https:\/\/www.sonnenseite.com\/wp-content\/uploads\/2020\/05\/Sonnenseite_Logo.png","contentUrl":"https:\/\/www.sonnenseite.com\/wp-content\/uploads\/2020\/05\/Sonnenseite_Logo.png","width":377,"height":90,"caption":"Sonnenseite"},"image":{"@id":"https:\/\/www.sonnenseite.com\/de\/#\/schema\/logo\/image\/"},"sameAs":["https:\/\/www.facebook.com\/pages\/Franz-Alt-SONNENSEITECOM\/221072987903953?fref=ts","https:\/\/x.com\/franzalt","http:\/\/www.youtube.com\/results?search_query&amp;amp;quot;franz_alt&amp;amp;quot;&amp;amp;amp;amp;search_type&amp;amp;amp;amp;aq=f"]}]}},"_links":{"self":[{"href":"https:\/\/www.sonnenseite.com\/de\/wp-json\/wp\/v2\/pages\/343","targetHints":{"allow":["GET"]}}],"collection":[{"href":"https:\/\/www.sonnenseite.com\/de\/wp-json\/wp\/v2\/pages"}],"about":[{"href":"https:\/\/www.sonnenseite.com\/de\/wp-json\/wp\/v2\/types\/page"}],"author":[{"embeddable":true,"href":"https:\/\/www.sonnenseite.com\/de\/wp-json\/wp\/v2\/users\/1"}],"replies":[{"embeddable":true,"href":"https:\/\/www.sonnenseite.com\/de\/wp-json\/wp\/v2\/comments?post=343"}],"version-history":[{"count":6,"href":"https:\/\/www.sonnenseite.com\/de\/wp-json\/wp\/v2\/pages\/343\/revisions"}],"predecessor-version":[{"id":71706,"href":"https:\/\/www.sonnenseite.com\/de\/wp-json\/wp\/v2\/pages\/343\/revisions\/71706"}],"wp:attachment":[{"href":"https:\/\/www.sonnenseite.com\/de\/wp-json\/wp\/v2\/media?parent=343"}],"curies":[{"name":"wp","href":"https:\/\/api.w.org\/{rel}","templated":true}]}}