{"id":58472,"date":"2020-06-03T17:21:53","date_gmt":"2020-06-03T15:21:53","guid":{"rendered":"https:\/\/www.sonnenseite.com\/?page_id=58472"},"modified":"2022-04-02T14:50:37","modified_gmt":"2022-04-02T12:50:37","slug":"transparenz-tv","status":"publish","type":"page","link":"https:\/\/www.sonnenseite.com\/de\/franz-alt\/transparenz-tv\/","title":{"rendered":"Transparenz-TV mit Franz Alt"},"content":{"rendered":"\n<figure class=\"wp-block-image size-large is-resized\"><img loading=\"lazy\" decoding=\"async\" src=\"https:\/\/www.sonnenseite.com\/wp-content\/uploads\/2020\/06\/image-1024x212.jpg\" alt=\"\" class=\"wp-image-58495\" width=\"346\" height=\"72\" srcset=\"https:\/\/www.sonnenseite.com\/wp-content\/uploads\/2020\/06\/image-1024x212.jpg 1024w, https:\/\/www.sonnenseite.com\/wp-content\/uploads\/2020\/06\/image-300x62.jpg 300w, https:\/\/www.sonnenseite.com\/wp-content\/uploads\/2020\/06\/image-768x159.jpg 768w, https:\/\/www.sonnenseite.com\/wp-content\/uploads\/2020\/06\/image.jpg 1040w\" sizes=\"auto, (max-width: 346px) 100vw, 346px\" \/><\/figure>\n\n\n\n<div class=\"wp-block-image\"><figure class=\"alignleft size-full is-resized\"><a href=\"https:\/\/www.sonnenseite.com\/wp-content\/uploads\/2021\/12\/FA_BrandenburgerTor_FrankFarenski.jpg\"><img loading=\"lazy\" decoding=\"async\" src=\"https:\/\/www.sonnenseite.com\/wp-content\/uploads\/2021\/12\/FA_BrandenburgerTor_FrankFarenski.jpg\" alt=\"\" class=\"wp-image-78102\" width=\"266\" height=\"199\" srcset=\"https:\/\/www.sonnenseite.com\/wp-content\/uploads\/2021\/12\/FA_BrandenburgerTor_FrankFarenski.jpg 640w, https:\/\/www.sonnenseite.com\/wp-content\/uploads\/2021\/12\/FA_BrandenburgerTor_FrankFarenski-300x225.jpg 300w\" sizes=\"auto, (max-width: 266px) 100vw, 266px\" \/><\/a><figcaption>\u00a9 Frank Farenski \/ Franz Alt <\/figcaption><\/figure><\/div>\n\n\n\n<p style=\"font-size:22px\">Bei &#8222;Transparenz TV&#8220; besch\u00e4ftigt sich Moderator Franz Alt mit Themen der Politik und Wirtschaft. Dabei schaut er hinter die Kulissen der Mainstream-Nachrichten und deckt auf, in welchen Bereichen der Schwindel steckt oder wie die Nachrichten tats\u00e4chlich hei\u00dfen m\u00fcssten.<\/p>\n\n\n\n<p class=\"green\"><a href=\"https:\/\/www.youtube.com\/playlist?list=PLzWM_p_m7snFcq5XJJ54RUUjD5NZexFBr\" target=\"_blank\" rel=\"noreferrer noopener\">\u203a TRANSPARENZ-TV MIT FRANZ ALT BEI YOUTUBE<\/a><br><a href=\"https:\/\/www.transparenztv.com\" target=\"_blank\" rel=\"noreferrer noopener\">\u203a TRANSPARENZ TV<\/a><\/p>\n\n\n\n<hr class=\"wp-block-separator\"\/>\n\n\n\n<h5 class=\"wp-block-heading\">UKRAINE-KRIEG: Die andere Analyse | Mehr Aufr\u00fcstung, mehr Konfrontation. Ist das die richtige Strategie gegen Russland?<\/h5>\n\n\n\n<figure class=\"wp-block-embed is-type-video is-provider-youtube wp-block-embed-youtube wp-embed-aspect-16-9 wp-has-aspect-ratio\"><div class=\"wp-block-embed__wrapper\">\n<iframe loading=\"lazy\" title=\"UKRAINE-KRIEG: DIE ANDERE ANALYSE\" width=\"640\" height=\"360\" src=\"https:\/\/www.youtube.com\/embed\/D-dFi6Hn1T4?start=2&#038;feature=oembed\" frameborder=\"0\" allow=\"accelerometer; autoplay; clipboard-write; encrypted-media; gyroscope; picture-in-picture; web-share\" referrerpolicy=\"strict-origin-when-cross-origin\" allowfullscreen><\/iframe>\n<\/div><\/figure>\n\n\n\n<div style=\"height:40px\" aria-hidden=\"true\" class=\"wp-block-spacer\"><\/div>\n\n\n\n<hr class=\"wp-block-separator\"\/>\n\n\n\n<h1 class=\"wp-block-heading\" id=\"cc-m-header-13903809488\">DER MONATSREPORT<\/h1>\n\n\n\n<p><strong>J<\/strong>eden Monat gibt es einen aktuellen R\u00fcckblick auf den vergangenen Monat. Im Gespr\u00e4ch mit Frank Farenski (Transparenz TV), werden die wichtigsten Themen aus \u00f6kologischer und friedenspolitischer Sicht bewertet. Eine andere Analyse als im medienpolitischen Mainstream.<\/p>\n\n\n\n<p><strong>Monatsreport Februar 2022<\/strong><\/p>\n\n\n\n<figure class=\"wp-block-embed is-type-video is-provider-youtube wp-block-embed-youtube wp-embed-aspect-16-9 wp-has-aspect-ratio\"><div class=\"wp-block-embed__wrapper\">\n<iframe loading=\"lazy\" title=\"WAS BEDEUTET EIN UKRAINE-KRIEG F\u00dcR DIE FRIEDENSPOLITIK? &amp; OLYMPISCHE SPIELE AM ENDE\" width=\"640\" height=\"360\" src=\"https:\/\/www.youtube.com\/embed\/xFHCI_wabGw?start=1&#038;feature=oembed\" frameborder=\"0\" allow=\"accelerometer; autoplay; clipboard-write; encrypted-media; gyroscope; picture-in-picture; web-share\" referrerpolicy=\"strict-origin-when-cross-origin\" allowfullscreen><\/iframe>\n<\/div><\/figure>\n\n\n\n<p><strong><strong>Monatsreport Januar 2022<\/strong><\/strong><\/p>\n\n\n\n<figure class=\"wp-block-embed is-type-video is-provider-youtube wp-block-embed-youtube wp-embed-aspect-16-9 wp-has-aspect-ratio\"><div class=\"wp-block-embed__wrapper\">\n<iframe loading=\"lazy\" title=\"MONATS-REPORT JANUAR 2022 - Krieg mit Russland?\" width=\"640\" height=\"360\" src=\"https:\/\/www.youtube.com\/embed\/57cjynWUVuk?feature=oembed\" frameborder=\"0\" allow=\"accelerometer; autoplay; clipboard-write; encrypted-media; gyroscope; picture-in-picture; web-share\" referrerpolicy=\"strict-origin-when-cross-origin\" allowfullscreen><\/iframe>\n<\/div><\/figure>\n\n\n\n<hr class=\"wp-block-separator\"\/>\n\n\n\n<ul class=\"wp-block-list\" id=\"block-c954b0aa-b3fb-4dbc-afec-c266e6af15cc\"><li>ALLE SENDUNGEN mit FRANZ ALT finden auf seinem\u00a0<a href=\"https:\/\/www.youtube.com\/watch?v=F5uWcsc6NPs&amp;list=PLzWM_p_m7snFcq5XJJ54RUUjD5NZexFBr\" target=\"_blank\" rel=\"noreferrer noopener\">Youtube-Channel Franz Alt \/ Transparenz TV<\/a><\/li><li><a href=\"https:\/\/www.transparenztv.com\/vorschau\/\" target=\"_blank\" rel=\"noreferrer noopener\">Die Sendungen sind hier angek\u00fcndigt<\/a><\/li><\/ul>\n\n\n\n<hr class=\"wp-block-separator\" id=\"block-6a5716fe-c668-4d25-a16a-223c43c07914\"\/>\n\n\n\n<p><strong>Transparenz TV:<\/strong>\u00a0Frank Farenski Film UG, Pariser Platz\u00a06, 10117 Berlin | Telefon: +49 (0) 30 \/ 844 370 89 \/\/\/ Mobil: +49 152 \/ 539 601 83 |\u00a0<a href=\"mailto:kontakt@farenskifilm.com\">Kontakt zum Team<\/a>\u00a0|\u00a0Internet:\u00a0<a href=\"http:\/\/www.transparenztv.com\/\" target=\"_blank\" rel=\"noreferrer noopener\">www.transparenztv.com<\/a><\/p>\n<div class=\"shariff shariff-align-flex-start shariff-widget-align-flex-start\"><div class=\"ShariffHeadline\">Diese Meldung teilen<\/div><ul class=\"shariff-buttons theme-round orientation-horizontal buttonsize-medium\"><li class=\"shariff-button facebook shariff-nocustomcolor\" style=\"background-color:#4273c8;border-radius:1%\"><a href=\"https:\/\/www.facebook.com\/sharer\/sharer.php?u=https%3A%2F%2Fwww.sonnenseite.com%2Fde%2Ffranz-alt%2Ftransparenz-tv%2F\" title=\"Bei Facebook teilen\" aria-label=\"Bei Facebook teilen\" role=\"button\" rel=\"nofollow\" class=\"shariff-link\" style=\";border-radius:1%; background-color:#3b5998; color:#fff\" target=\"_blank\"><span class=\"shariff-icon\" style=\"\"><svg width=\"32px\" height=\"20px\" xmlns=\"http:\/\/www.w3.org\/2000\/svg\" viewBox=\"0 0 18 32\"><path fill=\"#3b5998\" d=\"M17.1 0.2v4.7h-2.8q-1.5 0-2.1 0.6t-0.5 1.9v3.4h5.2l-0.7 5.3h-4.5v13.6h-5.5v-13.6h-4.5v-5.3h4.5v-3.9q0-3.3 1.9-5.2t5-1.8q2.6 0 4.1 0.2z\"\/><\/svg><\/span><\/a><\/li><li class=\"shariff-button twitter shariff-nocustomcolor\" style=\"background-color:#595959;border-radius:1%\"><a href=\"https:\/\/twitter.com\/share?url=https%3A%2F%2Fwww.sonnenseite.com%2Fde%2Ffranz-alt%2Ftransparenz-tv%2F&text=Transparenz-TV%20mit%20Franz%20Alt\" title=\"Bei X teilen\" aria-label=\"Bei X teilen\" role=\"button\" rel=\"noopener nofollow\" class=\"shariff-link\" style=\";border-radius:1%; background-color:#000; color:#fff\" target=\"_blank\"><span class=\"shariff-icon\" style=\"\"><svg width=\"32px\" height=\"20px\" xmlns=\"http:\/\/www.w3.org\/2000\/svg\" viewBox=\"0 0 24 24\"><path fill=\"#000\" d=\"M14.258 10.152L23.176 0h-2.113l-7.747 8.813L7.133 0H0l9.352 13.328L0 23.973h2.113l8.176-9.309 6.531 9.309h7.133zm-2.895 3.293l-.949-1.328L2.875 1.56h3.246l6.086 8.523.945 1.328 7.91 11.078h-3.246zm0 0\"\/><\/svg><\/span><\/a><\/li><li class=\"shariff-button xing shariff-nocustomcolor\" style=\"background-color:#29888a;border-radius:1%\"><a href=\"https:\/\/www.xing.com\/spi\/shares\/new?url=https%3A%2F%2Fwww.sonnenseite.com%2Fde%2Ffranz-alt%2Ftransparenz-tv%2F\" title=\"Bei XING teilen\" aria-label=\"Bei XING teilen\" role=\"button\" rel=\"noopener nofollow\" class=\"shariff-link\" style=\";border-radius:1%; background-color:#126567; color:#fff\" target=\"_blank\"><span class=\"shariff-icon\" style=\"\"><svg width=\"32px\" height=\"20px\" xmlns=\"http:\/\/www.w3.org\/2000\/svg\" viewBox=\"0 0 25 32\"><path fill=\"#126567\" d=\"M10.7 11.9q-0.2 0.3-4.6 8.2-0.5 0.8-1.2 0.8h-4.3q-0.4 0-0.5-0.3t0-0.6l4.5-8q0 0 0 0l-2.9-5q-0.2-0.4 0-0.7 0.2-0.3 0.5-0.3h4.3q0.7 0 1.2 0.8zM25.1 0.4q0.2 0.3 0 0.7l-9.4 16.7 6 11q0.2 0.4 0 0.6-0.2 0.3-0.6 0.3h-4.3q-0.7 0-1.2-0.8l-6-11.1q0.3-0.6 9.5-16.8 0.4-0.8 1.2-0.8h4.3q0.4 0 0.5 0.3z\"\/><\/svg><\/span><\/a><\/li><li class=\"shariff-button linkedin shariff-nocustomcolor\" style=\"background-color:#1488bf;border-radius:1%\"><a href=\"https:\/\/www.linkedin.com\/sharing\/share-offsite\/?url=https%3A%2F%2Fwww.sonnenseite.com%2Fde%2Ffranz-alt%2Ftransparenz-tv%2F\" title=\"Bei LinkedIn teilen\" aria-label=\"Bei LinkedIn teilen\" role=\"button\" rel=\"noopener nofollow\" class=\"shariff-link\" style=\";border-radius:1%; background-color:#0077b5; color:#fff\" target=\"_blank\"><span class=\"shariff-icon\" style=\"\"><svg width=\"32px\" height=\"20px\" xmlns=\"http:\/\/www.w3.org\/2000\/svg\" viewBox=\"0 0 27 32\"><path fill=\"#0077b5\" d=\"M6.2 11.2v17.7h-5.9v-17.7h5.9zM6.6 5.7q0 1.3-0.9 2.2t-2.4 0.9h0q-1.5 0-2.4-0.9t-0.9-2.2 0.9-2.2 2.4-0.9 2.4 0.9 0.9 2.2zM27.4 18.7v10.1h-5.9v-9.5q0-1.9-0.7-2.9t-2.3-1.1q-1.1 0-1.9 0.6t-1.2 1.5q-0.2 0.5-0.2 1.4v9.9h-5.9q0-7.1 0-11.6t0-5.3l0-0.9h5.9v2.6h0q0.4-0.6 0.7-1t1-0.9 1.6-0.8 2-0.3q3 0 4.9 2t1.9 6z\"\/><\/svg><\/span><\/a><\/li><li class=\"shariff-button printer shariff-nocustomcolor\" style=\"background-color:#a8a8a8;border-radius:1%\"><a href=\"javascript:window.print()\" title=\"drucken\" aria-label=\"drucken\" role=\"button\" rel=\"noopener nofollow\" class=\"shariff-link\" style=\";border-radius:1%; background-color:#999; color:#fff\"><span class=\"shariff-icon\" style=\"\"><svg width=\"32px\" height=\"20px\" xmlns=\"http:\/\/www.w3.org\/2000\/svg\" viewBox=\"0 0 30 32\"><path fill=\"#999\" d=\"M6.8 27.4h16v-4.6h-16v4.6zM6.8 16h16v-6.8h-2.8q-0.7 0-1.2-0.5t-0.5-1.2v-2.8h-11.4v11.4zM27.4 17.2q0-0.5-0.3-0.8t-0.8-0.4-0.8 0.4-0.3 0.8 0.3 0.8 0.8 0.3 0.8-0.3 0.3-0.8zM29.7 17.2v7.4q0 0.2-0.2 0.4t-0.4 0.2h-4v2.8q0 0.7-0.5 1.2t-1.2 0.5h-17.2q-0.7 0-1.2-0.5t-0.5-1.2v-2.8h-4q-0.2 0-0.4-0.2t-0.2-0.4v-7.4q0-1.4 1-2.4t2.4-1h1.2v-9.7q0-0.7 0.5-1.2t1.2-0.5h12q0.7 0 1.6 0.4t1.3 0.8l2.7 2.7q0.5 0.5 0.9 1.4t0.4 1.6v4.6h1.1q1.4 0 2.4 1t1 2.4z\"\/><\/svg><\/span><\/a><\/li><li class=\"shariff-button mailto shariff-nocustomcolor\" style=\"background-color:#a8a8a8;border-radius:1%\"><a href=\"mailto:?body=https%3A%2F%2Fwww.sonnenseite.com%2Fde%2Ffranz-alt%2Ftransparenz-tv%2F&subject=Transparenz-TV%20mit%20Franz%20Alt\" title=\"Per E-Mail versenden\" aria-label=\"Per E-Mail versenden\" role=\"button\" rel=\"noopener nofollow\" class=\"shariff-link\" style=\";border-radius:1%; background-color:#999; color:#fff\"><span class=\"shariff-icon\" style=\"\"><svg width=\"32px\" height=\"20px\" xmlns=\"http:\/\/www.w3.org\/2000\/svg\" viewBox=\"0 0 32 32\"><path fill=\"#999\" d=\"M32 12.7v14.2q0 1.2-0.8 2t-2 0.9h-26.3q-1.2 0-2-0.9t-0.8-2v-14.2q0.8 0.9 1.8 1.6 6.5 4.4 8.9 6.1 1 0.8 1.6 1.2t1.7 0.9 2 0.4h0.1q0.9 0 2-0.4t1.7-0.9 1.6-1.2q3-2.2 8.9-6.1 1-0.7 1.8-1.6zM32 7.4q0 1.4-0.9 2.7t-2.2 2.2q-6.7 4.7-8.4 5.8-0.2 0.1-0.7 0.5t-1 0.7-0.9 0.6-1.1 0.5-0.9 0.2h-0.1q-0.4 0-0.9-0.2t-1.1-0.5-0.9-0.6-1-0.7-0.7-0.5q-1.6-1.1-4.7-3.2t-3.6-2.6q-1.1-0.7-2.1-2t-1-2.5q0-1.4 0.7-2.3t2.1-0.9h26.3q1.2 0 2 0.8t0.9 2z\"\/><\/svg><\/span><\/a><\/li><\/ul><\/div>","protected":false},"excerpt":{"rendered":"<p>Bei &#8222;Transparenz TV&#8220; besch\u00e4ftigt sich Moderator Franz Alt mit Themen der Politik und Wirtschaft. Dabei schaut [&hellip;]<\/p>\n","protected":false},"author":1,"featured_media":0,"parent":368,"menu_order":0,"comment_status":"closed","ping_status":"closed","template":"","meta":{"inline_featured_image":false,"footnotes":""},"class_list":["post-58472","page","type-page","status-publish","hentry"],"yoast_head":"<!-- This site is optimized with the Yoast SEO plugin v26.5 - https:\/\/yoast.com\/wordpress\/plugins\/seo\/ -->\n<title>Transparenz-TV mit Franz Alt - Sonnenseite - \u00d6kologische Kommunikation mit Franz Alt<\/title>\n<meta name=\"description\" content=\"\u00a9 Frank Farenski \/ Franz Alt Bei &quot;Transparenz TV&quot; besch\u00e4ftigt sich Moderator Franz Alt mit Themen der Politik und Wirtschaft. Dabei schaut er hinter die\" \/>\n<meta name=\"robots\" content=\"index, follow, max-snippet:-1, max-image-preview:large, max-video-preview:-1\" \/>\n<link rel=\"canonical\" href=\"https:\/\/www.sonnenseite.com\/de\/franz-alt\/transparenz-tv\/\" \/>\n<meta property=\"og:locale\" content=\"de_DE\" \/>\n<meta property=\"og:type\" content=\"article\" \/>\n<meta property=\"og:title\" content=\"Transparenz-TV mit Franz Alt - Sonnenseite - \u00d6kologische Kommunikation mit Franz Alt\" \/>\n<meta property=\"og:description\" content=\"\u00a9 Frank Farenski \/ Franz Alt Bei &quot;Transparenz TV&quot; besch\u00e4ftigt sich Moderator Franz Alt mit Themen der Politik und Wirtschaft. Dabei schaut er hinter die\" \/>\n<meta property=\"og:url\" content=\"https:\/\/www.sonnenseite.com\/de\/franz-alt\/transparenz-tv\/\" \/>\n<meta property=\"og:site_name\" content=\"Sonnenseite\" \/>\n<meta property=\"article:publisher\" content=\"https:\/\/www.facebook.com\/pages\/Franz-Alt-SONNENSEITECOM\/221072987903953?fref=ts\" \/>\n<meta property=\"article:modified_time\" content=\"2022-04-02T12:50:37+00:00\" \/>\n<meta property=\"og:image\" content=\"https:\/\/www.sonnenseite.com\/wp-content\/uploads\/2020\/06\/image-1024x212.jpg\" \/>\n<meta name=\"twitter:card\" content=\"summary_large_image\" \/>\n<meta name=\"twitter:site\" content=\"@franzalt\" \/>\n<meta name=\"twitter:label1\" content=\"Gesch\u00e4tzte Lesezeit\" \/>\n\t<meta name=\"twitter:data1\" content=\"2\u00a0Minuten\" \/>\n<script type=\"application\/ld+json\" class=\"yoast-schema-graph\">{\"@context\":\"https:\/\/schema.org\",\"@graph\":[{\"@type\":\"WebPage\",\"@id\":\"https:\/\/www.sonnenseite.com\/de\/franz-alt\/transparenz-tv\/\",\"url\":\"https:\/\/www.sonnenseite.com\/de\/franz-alt\/transparenz-tv\/\",\"name\":\"Transparenz-TV mit Franz Alt - Sonnenseite - \u00d6kologische Kommunikation mit Franz Alt\",\"isPartOf\":{\"@id\":\"https:\/\/www.sonnenseite.com\/de\/#website\"},\"primaryImageOfPage\":{\"@id\":\"https:\/\/www.sonnenseite.com\/de\/franz-alt\/transparenz-tv\/#primaryimage\"},\"image\":{\"@id\":\"https:\/\/www.sonnenseite.com\/de\/franz-alt\/transparenz-tv\/#primaryimage\"},\"thumbnailUrl\":\"https:\/\/www.sonnenseite.com\/wp-content\/uploads\/2020\/06\/image-1024x212.jpg\",\"datePublished\":\"2020-06-03T15:21:53+00:00\",\"dateModified\":\"2022-04-02T12:50:37+00:00\",\"description\":\"\u00a9 Frank Farenski \/ Franz Alt Bei \\\"Transparenz TV\\\" besch\u00e4ftigt sich Moderator Franz Alt mit Themen der Politik und Wirtschaft. Dabei schaut er hinter die\",\"breadcrumb\":{\"@id\":\"https:\/\/www.sonnenseite.com\/de\/franz-alt\/transparenz-tv\/#breadcrumb\"},\"inLanguage\":\"de\",\"potentialAction\":[{\"@type\":\"ReadAction\",\"target\":[\"https:\/\/www.sonnenseite.com\/de\/franz-alt\/transparenz-tv\/\"]}]},{\"@type\":\"ImageObject\",\"inLanguage\":\"de\",\"@id\":\"https:\/\/www.sonnenseite.com\/de\/franz-alt\/transparenz-tv\/#primaryimage\",\"url\":\"https:\/\/www.sonnenseite.com\/wp-content\/uploads\/2020\/06\/image-1024x212.jpg\",\"contentUrl\":\"https:\/\/www.sonnenseite.com\/wp-content\/uploads\/2020\/06\/image-1024x212.jpg\"},{\"@type\":\"BreadcrumbList\",\"@id\":\"https:\/\/www.sonnenseite.com\/de\/franz-alt\/transparenz-tv\/#breadcrumb\",\"itemListElement\":[{\"@type\":\"ListItem\",\"position\":1,\"name\":\"Startseite\",\"item\":\"https:\/\/www.sonnenseite.com\/de\/\"},{\"@type\":\"ListItem\",\"position\":2,\"name\":\"Franz Alt\",\"item\":\"https:\/\/www.sonnenseite.com\/de\/franz-alt\/\"},{\"@type\":\"ListItem\",\"position\":3,\"name\":\"Transparenz-TV mit Franz Alt\"}]},{\"@type\":\"WebSite\",\"@id\":\"https:\/\/www.sonnenseite.com\/de\/#website\",\"url\":\"https:\/\/www.sonnenseite.com\/de\/\",\"name\":\"Sonnenseite\",\"description\":\"\u00d6kologische Kommunikation mit Franz Alt\",\"publisher\":{\"@id\":\"https:\/\/www.sonnenseite.com\/de\/#organization\"},\"potentialAction\":[{\"@type\":\"SearchAction\",\"target\":{\"@type\":\"EntryPoint\",\"urlTemplate\":\"https:\/\/www.sonnenseite.com\/de\/?s={search_term_string}\"},\"query-input\":{\"@type\":\"PropertyValueSpecification\",\"valueRequired\":true,\"valueName\":\"search_term_string\"}}],\"inLanguage\":\"de\"},{\"@type\":\"Organization\",\"@id\":\"https:\/\/www.sonnenseite.com\/de\/#organization\",\"name\":\"Sonnenseite\",\"url\":\"https:\/\/www.sonnenseite.com\/de\/\",\"logo\":{\"@type\":\"ImageObject\",\"inLanguage\":\"de\",\"@id\":\"https:\/\/www.sonnenseite.com\/de\/#\/schema\/logo\/image\/\",\"url\":\"https:\/\/www.sonnenseite.com\/wp-content\/uploads\/2020\/05\/Sonnenseite_Logo.png\",\"contentUrl\":\"https:\/\/www.sonnenseite.com\/wp-content\/uploads\/2020\/05\/Sonnenseite_Logo.png\",\"width\":377,\"height\":90,\"caption\":\"Sonnenseite\"},\"image\":{\"@id\":\"https:\/\/www.sonnenseite.com\/de\/#\/schema\/logo\/image\/\"},\"sameAs\":[\"https:\/\/www.facebook.com\/pages\/Franz-Alt-SONNENSEITECOM\/221072987903953?fref=ts\",\"https:\/\/x.com\/franzalt\",\"http:\/\/www.youtube.com\/results?search_query&amp;amp;quot;franz_alt&amp;amp;quot;&amp;amp;amp;amp;search_type&amp;amp;amp;amp;aq=f\"]}]}<\/script>\n<!-- \/ Yoast SEO plugin. -->","yoast_head_json":{"title":"Transparenz-TV mit Franz Alt - Sonnenseite - \u00d6kologische Kommunikation mit Franz Alt","description":"\u00a9 Frank Farenski \/ Franz Alt Bei \"Transparenz TV\" besch\u00e4ftigt sich Moderator Franz Alt mit Themen der Politik und Wirtschaft. Dabei schaut er hinter die","robots":{"index":"index","follow":"follow","max-snippet":"max-snippet:-1","max-image-preview":"max-image-preview:large","max-video-preview":"max-video-preview:-1"},"canonical":"https:\/\/www.sonnenseite.com\/de\/franz-alt\/transparenz-tv\/","og_locale":"de_DE","og_type":"article","og_title":"Transparenz-TV mit Franz Alt - Sonnenseite - \u00d6kologische Kommunikation mit Franz Alt","og_description":"\u00a9 Frank Farenski \/ Franz Alt Bei \"Transparenz TV\" besch\u00e4ftigt sich Moderator Franz Alt mit Themen der Politik und Wirtschaft. Dabei schaut er hinter die","og_url":"https:\/\/www.sonnenseite.com\/de\/franz-alt\/transparenz-tv\/","og_site_name":"Sonnenseite","article_publisher":"https:\/\/www.facebook.com\/pages\/Franz-Alt-SONNENSEITECOM\/221072987903953?fref=ts","article_modified_time":"2022-04-02T12:50:37+00:00","og_image":[{"url":"https:\/\/www.sonnenseite.com\/wp-content\/uploads\/2020\/06\/image-1024x212.jpg","type":"","width":"","height":""}],"twitter_card":"summary_large_image","twitter_site":"@franzalt","twitter_misc":{"Gesch\u00e4tzte Lesezeit":"2\u00a0Minuten"},"schema":{"@context":"https:\/\/schema.org","@graph":[{"@type":"WebPage","@id":"https:\/\/www.sonnenseite.com\/de\/franz-alt\/transparenz-tv\/","url":"https:\/\/www.sonnenseite.com\/de\/franz-alt\/transparenz-tv\/","name":"Transparenz-TV mit Franz Alt - Sonnenseite - \u00d6kologische Kommunikation mit Franz Alt","isPartOf":{"@id":"https:\/\/www.sonnenseite.com\/de\/#website"},"primaryImageOfPage":{"@id":"https:\/\/www.sonnenseite.com\/de\/franz-alt\/transparenz-tv\/#primaryimage"},"image":{"@id":"https:\/\/www.sonnenseite.com\/de\/franz-alt\/transparenz-tv\/#primaryimage"},"thumbnailUrl":"https:\/\/www.sonnenseite.com\/wp-content\/uploads\/2020\/06\/image-1024x212.jpg","datePublished":"2020-06-03T15:21:53+00:00","dateModified":"2022-04-02T12:50:37+00:00","description":"\u00a9 Frank Farenski \/ Franz Alt Bei \"Transparenz TV\" besch\u00e4ftigt sich Moderator Franz Alt mit Themen der Politik und Wirtschaft. Dabei schaut er hinter die","breadcrumb":{"@id":"https:\/\/www.sonnenseite.com\/de\/franz-alt\/transparenz-tv\/#breadcrumb"},"inLanguage":"de","potentialAction":[{"@type":"ReadAction","target":["https:\/\/www.sonnenseite.com\/de\/franz-alt\/transparenz-tv\/"]}]},{"@type":"ImageObject","inLanguage":"de","@id":"https:\/\/www.sonnenseite.com\/de\/franz-alt\/transparenz-tv\/#primaryimage","url":"https:\/\/www.sonnenseite.com\/wp-content\/uploads\/2020\/06\/image-1024x212.jpg","contentUrl":"https:\/\/www.sonnenseite.com\/wp-content\/uploads\/2020\/06\/image-1024x212.jpg"},{"@type":"BreadcrumbList","@id":"https:\/\/www.sonnenseite.com\/de\/franz-alt\/transparenz-tv\/#breadcrumb","itemListElement":[{"@type":"ListItem","position":1,"name":"Startseite","item":"https:\/\/www.sonnenseite.com\/de\/"},{"@type":"ListItem","position":2,"name":"Franz Alt","item":"https:\/\/www.sonnenseite.com\/de\/franz-alt\/"},{"@type":"ListItem","position":3,"name":"Transparenz-TV mit Franz Alt"}]},{"@type":"WebSite","@id":"https:\/\/www.sonnenseite.com\/de\/#website","url":"https:\/\/www.sonnenseite.com\/de\/","name":"Sonnenseite","description":"\u00d6kologische Kommunikation mit Franz Alt","publisher":{"@id":"https:\/\/www.sonnenseite.com\/de\/#organization"},"potentialAction":[{"@type":"SearchAction","target":{"@type":"EntryPoint","urlTemplate":"https:\/\/www.sonnenseite.com\/de\/?s={search_term_string}"},"query-input":{"@type":"PropertyValueSpecification","valueRequired":true,"valueName":"search_term_string"}}],"inLanguage":"de"},{"@type":"Organization","@id":"https:\/\/www.sonnenseite.com\/de\/#organization","name":"Sonnenseite","url":"https:\/\/www.sonnenseite.com\/de\/","logo":{"@type":"ImageObject","inLanguage":"de","@id":"https:\/\/www.sonnenseite.com\/de\/#\/schema\/logo\/image\/","url":"https:\/\/www.sonnenseite.com\/wp-content\/uploads\/2020\/05\/Sonnenseite_Logo.png","contentUrl":"https:\/\/www.sonnenseite.com\/wp-content\/uploads\/2020\/05\/Sonnenseite_Logo.png","width":377,"height":90,"caption":"Sonnenseite"},"image":{"@id":"https:\/\/www.sonnenseite.com\/de\/#\/schema\/logo\/image\/"},"sameAs":["https:\/\/www.facebook.com\/pages\/Franz-Alt-SONNENSEITECOM\/221072987903953?fref=ts","https:\/\/x.com\/franzalt","http:\/\/www.youtube.com\/results?search_query&amp;amp;quot;franz_alt&amp;amp;quot;&amp;amp;amp;amp;search_type&amp;amp;amp;amp;aq=f"]}]}},"_links":{"self":[{"href":"https:\/\/www.sonnenseite.com\/de\/wp-json\/wp\/v2\/pages\/58472","targetHints":{"allow":["GET"]}}],"collection":[{"href":"https:\/\/www.sonnenseite.com\/de\/wp-json\/wp\/v2\/pages"}],"about":[{"href":"https:\/\/www.sonnenseite.com\/de\/wp-json\/wp\/v2\/types\/page"}],"author":[{"embeddable":true,"href":"https:\/\/www.sonnenseite.com\/de\/wp-json\/wp\/v2\/users\/1"}],"replies":[{"embeddable":true,"href":"https:\/\/www.sonnenseite.com\/de\/wp-json\/wp\/v2\/comments?post=58472"}],"version-history":[{"count":59,"href":"https:\/\/www.sonnenseite.com\/de\/wp-json\/wp\/v2\/pages\/58472\/revisions"}],"predecessor-version":[{"id":81003,"href":"https:\/\/www.sonnenseite.com\/de\/wp-json\/wp\/v2\/pages\/58472\/revisions\/81003"}],"up":[{"embeddable":true,"href":"https:\/\/www.sonnenseite.com\/de\/wp-json\/wp\/v2\/pages\/368"}],"wp:attachment":[{"href":"https:\/\/www.sonnenseite.com\/de\/wp-json\/wp\/v2\/media?parent=58472"}],"curies":[{"name":"wp","href":"https:\/\/api.w.org\/{rel}","templated":true}]}}